{"id":1538,"date":"2025-05-19T11:55:47","date_gmt":"2025-05-19T09:55:47","guid":{"rendered":"https:\/\/italyness.com\/?post_type=product&#038;p=1538"},"modified":"2026-03-27T12:21:11","modified_gmt":"2026-03-27T11:21:11","slug":"tomates-sechees-a-lhuile","status":"publish","type":"product","link":"https:\/\/italyness.com\/fr\/prodotti\/antipasti-italiani-sottolio\/pomodori-secchi-sottolio\/","title":{"rendered":"TOMATES S\u00c9CH\u00c9ES \u00c0 L'HUILE"},"content":{"rendered":"<p>Tomates s\u00e9ch\u00e9es au soleil avec huile d'olive extra vierge, c\u00e2pres, persil, ail, menthe, origan et sel.<\/p>","protected":false},"excerpt":{"rendered":"<p><strong>Selezionato perch\u00e9 <\/strong>i pomodori secchi sott&#8217;olio vengono essiccati al cocente sole estivo, che gli dona un sapore unico e inconfondibile.<\/p>\n<p>&nbsp;<\/p>","protected":false},"featured_media":2885,"template":"","meta":[],"product_brand":[],"product_cat":[104,119],"product_tag":[],"class_list":{"0":"post-1538","1":"product","2":"type-product","3":"status-publish","4":"has-post-thumbnail","6":"product_cat-antipasti-italiani-sottolio","7":"product_cat-selezione-aperitivo-italiano","9":"first","10":"instock","11":"taxable","12":"shipping-taxable","13":"purchasable","14":"product-type-simple"},"supplier_id":null,"supplier_sku":"","barcode":null,"atum_controlled":true,"out_stock_date":null,"out_stock_threshold":null,"inheritable":false,"inbound_stock":0,"stock_on_hold":0,"sold_today":0,"sales_last_days":0,"reserved_stock":0,"customer_returns":0,"warehouse_damage":0,"lost_in_post":0,"other_logs":0,"out_stock_days":0,"lost_sales":0,"has_location":true,"update_date":"2026-04-20T01:41:42","atum_locations":[{"id":115,"name":"Italie","slug":"italia"}],"atum_stock_status":"instock","restock_status":false,"low_stock_amount":"","sales_update_date":"2026-04-20T01:41:42","calc_backorders":null,"_links":{"self":[{"href":"https:\/\/italyness.com\/fr\/wp-json\/wp\/v2\/product\/1538","targetHints":{"allow":["GET"]}}],"collection":[{"href":"https:\/\/italyness.com\/fr\/wp-json\/wp\/v2\/product"}],"about":[{"href":"https:\/\/italyness.com\/fr\/wp-json\/wp\/v2\/types\/product"}],"wp:featuredmedia":[{"embeddable":true,"href":"https:\/\/italyness.com\/fr\/wp-json\/wp\/v2\/media\/2885"}],"wp:attachment":[{"href":"https:\/\/italyness.com\/fr\/wp-json\/wp\/v2\/media?parent=1538"}],"wp:term":[{"taxonomy":"product_brand","embeddable":true,"href":"https:\/\/italyness.com\/fr\/wp-json\/wp\/v2\/product_brand?post=1538"},{"taxonomy":"product_cat","embeddable":true,"href":"https:\/\/italyness.com\/fr\/wp-json\/wp\/v2\/product_cat?post=1538"},{"taxonomy":"product_tag","embeddable":true,"href":"https:\/\/italyness.com\/fr\/wp-json\/wp\/v2\/product_tag?post=1538"}],"curies":[{"name":"wp","href":"https:\/\/api.w.org\/{rel}","templated":true}]}}