{"id":1530,"date":"2025-05-16T12:04:21","date_gmt":"2025-05-16T10:04:21","guid":{"rendered":"https:\/\/italyness.com\/?post_type=product&#038;p=1530"},"modified":"2026-03-27T12:21:49","modified_gmt":"2026-03-27T11:21:49","slug":"tris-di-olive-sottolio-piccanti","status":"publish","type":"product","link":"https:\/\/italyness.com\/fr\/prodotti\/olive-italiane-gourmet\/tris-di-olive-sottolio-piccanti\/","title":{"rendered":"TRIO D'OLIVES \u00c9PIC\u00c9ES \u00c0 L'HUILE"},"content":{"rendered":"<p>Olives Celline, Leccine et Termite d\u00e9noyaut\u00e9es avec piment \u00e9pic\u00e9 et aromates dans de l'huile d'olive extra vierge. Couleur verte, violac\u00e9e et noir profond, saveur intense et piquante, avec une l\u00e9g\u00e8re amertume en arri\u00e8re-go\u00fbt.<\/p>","protected":false},"excerpt":{"rendered":"<p><strong>Selezionato perch\u00e9 <\/strong>le olive utilizzate sono alcune delle migliori cultivar \u2013 Celline, Leccine e Termite \u2013 con gusti decisi e bilanciati in un gustoso mix di sapori.<\/p>","protected":false},"featured_media":2899,"template":"","meta":[],"product_brand":[],"product_cat":[105,104,119],"product_tag":[],"class_list":{"0":"post-1530","1":"product","2":"type-product","3":"status-publish","4":"has-post-thumbnail","6":"product_cat-olive-italiane-gourmet","7":"product_cat-antipasti-italiani-sottolio","8":"product_cat-selezione-aperitivo-italiano","10":"first","11":"instock","12":"taxable","13":"shipping-taxable","14":"purchasable","15":"product-type-simple"},"supplier_id":null,"supplier_sku":"","barcode":null,"atum_controlled":true,"out_stock_date":null,"out_stock_threshold":null,"inheritable":false,"inbound_stock":0,"stock_on_hold":0,"sold_today":0,"sales_last_days":0,"reserved_stock":0,"customer_returns":0,"warehouse_damage":0,"lost_in_post":0,"other_logs":0,"out_stock_days":0,"lost_sales":0,"has_location":true,"update_date":"2026-04-20T01:41:42","atum_locations":[{"id":115,"name":"Italie","slug":"italia"}],"atum_stock_status":"instock","restock_status":false,"low_stock_amount":"","sales_update_date":"2026-04-20T01:41:42","calc_backorders":null,"_links":{"self":[{"href":"https:\/\/italyness.com\/fr\/wp-json\/wp\/v2\/product\/1530","targetHints":{"allow":["GET"]}}],"collection":[{"href":"https:\/\/italyness.com\/fr\/wp-json\/wp\/v2\/product"}],"about":[{"href":"https:\/\/italyness.com\/fr\/wp-json\/wp\/v2\/types\/product"}],"wp:featuredmedia":[{"embeddable":true,"href":"https:\/\/italyness.com\/fr\/wp-json\/wp\/v2\/media\/2899"}],"wp:attachment":[{"href":"https:\/\/italyness.com\/fr\/wp-json\/wp\/v2\/media?parent=1530"}],"wp:term":[{"taxonomy":"product_brand","embeddable":true,"href":"https:\/\/italyness.com\/fr\/wp-json\/wp\/v2\/product_brand?post=1530"},{"taxonomy":"product_cat","embeddable":true,"href":"https:\/\/italyness.com\/fr\/wp-json\/wp\/v2\/product_cat?post=1530"},{"taxonomy":"product_tag","embeddable":true,"href":"https:\/\/italyness.com\/fr\/wp-json\/wp\/v2\/product_tag?post=1530"}],"curies":[{"name":"wp","href":"https:\/\/api.w.org\/{rel}","templated":true}]}}