{"id":1331,"date":"2025-03-30T12:51:42","date_gmt":"2025-03-30T10:51:42","guid":{"rendered":"https:\/\/italyness.com\/?post_type=product&#038;p=1331"},"modified":"2026-03-27T12:26:54","modified_gmt":"2026-03-27T11:26:54","slug":"peperonata-con-cipolle","status":"publish","type":"product","link":"https:\/\/italyness.com\/fr\/prodotti\/antipasti-italiani-sottolio\/peperonata-con-cipolle\/","title":{"rendered":"PEPERONATA AUX OIGNONS"},"content":{"rendered":"<p>La Peperonata aux Oignons c\u2019est un accompagnement savoureux \u00e0 base de poivrons, \u00e0 la couleur brillante et \u00e0 l\u2019odeur intense, avec une note d\u2019oignon doux. Saveur aigre-douce et texture cr\u00e9meuse et enveloppante.<\/p>","protected":false},"excerpt":{"rendered":"<p><strong>Selezionata perch\u00e9 <\/strong>la peperonata con cipolle contiene gustosi peperoni e una morbida emulsione di cipolle con pomodori, provenienti da agricoltura sostenibile, coltivati senza additivi e nel rispetto dell\u2019ambiente.<\/p>","protected":false},"featured_media":2916,"template":"","meta":[],"product_brand":[],"product_cat":[104,119],"product_tag":[],"class_list":{"0":"post-1331","1":"product","2":"type-product","3":"status-publish","4":"has-post-thumbnail","6":"product_cat-antipasti-italiani-sottolio","7":"product_cat-selezione-aperitivo-italiano","9":"first","10":"instock","11":"taxable","12":"shipping-taxable","13":"purchasable","14":"product-type-simple"},"supplier_id":null,"supplier_sku":"","barcode":null,"atum_controlled":true,"out_stock_date":null,"out_stock_threshold":null,"inheritable":false,"inbound_stock":0,"stock_on_hold":0,"sold_today":0,"sales_last_days":0,"reserved_stock":0,"customer_returns":0,"warehouse_damage":0,"lost_in_post":0,"other_logs":0,"out_stock_days":0,"lost_sales":0,"has_location":true,"update_date":"2026-04-09T01:24:42","atum_locations":[{"id":115,"name":"Italie","slug":"italia"}],"atum_stock_status":"instock","restock_status":false,"low_stock_amount":"","sales_update_date":"2026-04-09T01:24:42","calc_backorders":null,"_links":{"self":[{"href":"https:\/\/italyness.com\/fr\/wp-json\/wp\/v2\/product\/1331","targetHints":{"allow":["GET"]}}],"collection":[{"href":"https:\/\/italyness.com\/fr\/wp-json\/wp\/v2\/product"}],"about":[{"href":"https:\/\/italyness.com\/fr\/wp-json\/wp\/v2\/types\/product"}],"wp:featuredmedia":[{"embeddable":true,"href":"https:\/\/italyness.com\/fr\/wp-json\/wp\/v2\/media\/2916"}],"wp:attachment":[{"href":"https:\/\/italyness.com\/fr\/wp-json\/wp\/v2\/media?parent=1331"}],"wp:term":[{"taxonomy":"product_brand","embeddable":true,"href":"https:\/\/italyness.com\/fr\/wp-json\/wp\/v2\/product_brand?post=1331"},{"taxonomy":"product_cat","embeddable":true,"href":"https:\/\/italyness.com\/fr\/wp-json\/wp\/v2\/product_cat?post=1331"},{"taxonomy":"product_tag","embeddable":true,"href":"https:\/\/italyness.com\/fr\/wp-json\/wp\/v2\/product_tag?post=1331"}],"curies":[{"name":"wp","href":"https:\/\/api.w.org\/{rel}","templated":true}]}}