{"id":1311,"date":"2025-03-29T16:50:54","date_gmt":"2025-03-29T15:50:54","guid":{"rendered":"https:\/\/italyness.com\/?post_type=product&#038;p=1311"},"modified":"2026-03-27T12:26:19","modified_gmt":"2026-03-27T11:26:19","slug":"crema-di-peperoni-rossi","status":"publish","type":"product","link":"https:\/\/italyness.com\/fr\/prodotti\/pate-e-creme-gourmet\/crema-di-peperoni-rossi\/","title":{"rendered":"CR\u00c8ME DE POIVRONS ROUGES"},"content":{"rendered":"<p>La cr\u00e8me de poivrons rouges est de couleur orange fonc\u00e9, avec une consistance cr\u00e9meuse, un parfum aigre-doux et le go\u00fbt typique des poivrons.<\/p>","protected":false},"excerpt":{"rendered":"<p><strong>Selezionata perch\u00e9 <\/strong>la crema di peperoni rossi contiene peperoni provenienti da agricoltura sostenibile, coltivati senza additivi e nel rispetto dell\u2019ambiente.<\/p>","protected":false},"featured_media":2926,"template":"","meta":[],"product_brand":[],"product_cat":[102,119],"product_tag":[],"class_list":{"0":"post-1311","1":"product","2":"type-product","3":"status-publish","4":"has-post-thumbnail","6":"product_cat-pate-e-creme-gourmet","7":"product_cat-selezione-aperitivo-italiano","9":"first","10":"instock","11":"taxable","12":"shipping-taxable","13":"purchasable","14":"product-type-simple"},"supplier_id":null,"supplier_sku":"","barcode":null,"atum_controlled":true,"out_stock_date":null,"out_stock_threshold":null,"inheritable":false,"inbound_stock":0,"stock_on_hold":0,"sold_today":0,"sales_last_days":0,"reserved_stock":0,"customer_returns":0,"warehouse_damage":0,"lost_in_post":0,"other_logs":0,"out_stock_days":0,"lost_sales":0,"has_location":true,"update_date":"2026-04-15T01:34:19","atum_locations":[{"id":115,"name":"Italie","slug":"italia"}],"atum_stock_status":"instock","restock_status":false,"low_stock_amount":"","sales_update_date":"2026-04-15T01:34:19","calc_backorders":null,"_links":{"self":[{"href":"https:\/\/italyness.com\/fr\/wp-json\/wp\/v2\/product\/1311","targetHints":{"allow":["GET"]}}],"collection":[{"href":"https:\/\/italyness.com\/fr\/wp-json\/wp\/v2\/product"}],"about":[{"href":"https:\/\/italyness.com\/fr\/wp-json\/wp\/v2\/types\/product"}],"wp:featuredmedia":[{"embeddable":true,"href":"https:\/\/italyness.com\/fr\/wp-json\/wp\/v2\/media\/2926"}],"wp:attachment":[{"href":"https:\/\/italyness.com\/fr\/wp-json\/wp\/v2\/media?parent=1311"}],"wp:term":[{"taxonomy":"product_brand","embeddable":true,"href":"https:\/\/italyness.com\/fr\/wp-json\/wp\/v2\/product_brand?post=1311"},{"taxonomy":"product_cat","embeddable":true,"href":"https:\/\/italyness.com\/fr\/wp-json\/wp\/v2\/product_cat?post=1311"},{"taxonomy":"product_tag","embeddable":true,"href":"https:\/\/italyness.com\/fr\/wp-json\/wp\/v2\/product_tag?post=1311"}],"curies":[{"name":"wp","href":"https:\/\/api.w.org\/{rel}","templated":true}]}}