{"id":1303,"date":"2025-03-29T12:23:56","date_gmt":"2025-03-29T11:23:56","guid":{"rendered":"https:\/\/italyness.com\/?post_type=product&#038;p=1303"},"modified":"2026-04-20T16:51:58","modified_gmt":"2026-04-20T14:51:58","slug":"confettura-di-pesca","status":"publish","type":"product","link":"https:\/\/italyness.com\/fr\/prodotti\/confetture-e-composte-artigianali\/confettura-di-pesca\/","title":{"rendered":"CONFITURE DE P\u00caCHES"},"content":{"rendered":"<p>Confiture de p\u00eaches avec des fruits fra\u00eechement cueillis, du sucre et du jus de citron. Couleur rose orang\u00e9 et saveur sucr\u00e9e typique de la p\u00eache; consistance \u00e9paisse mais fluide.<\/p>","protected":false},"excerpt":{"rendered":"<p><strong>Selezionata perch\u00e9 <\/strong>la confiture de p\u00eache contient des p\u00eaches fra\u00eeches cueillies \u00e0 point, des ingr\u00e9dients naturels et aucun conservateur.<\/p>\n<p>&nbsp;<\/p>","protected":false},"featured_media":2933,"template":"","meta":[],"product_brand":[],"product_cat":[117],"product_tag":[],"class_list":{"0":"post-1303","1":"product","2":"type-product","3":"status-publish","4":"has-post-thumbnail","6":"product_cat-confetture-e-composte-artigianali","8":"first","9":"instock","10":"taxable","11":"shipping-taxable","12":"purchasable","13":"product-type-simple"},"supplier_id":null,"supplier_sku":"","barcode":null,"atum_controlled":true,"out_stock_date":null,"out_stock_threshold":null,"inheritable":false,"inbound_stock":0,"stock_on_hold":0,"sold_today":0,"sales_last_days":0,"reserved_stock":0,"customer_returns":0,"warehouse_damage":0,"lost_in_post":0,"other_logs":0,"out_stock_days":0,"lost_sales":0,"has_location":true,"update_date":"2026-04-20T14:51:59","atum_locations":[{"id":115,"name":"Italie","slug":"italia"}],"atum_stock_status":"instock","restock_status":false,"low_stock_amount":"","sales_update_date":"2026-04-20T01:41:42","calc_backorders":null,"_links":{"self":[{"href":"https:\/\/italyness.com\/fr\/wp-json\/wp\/v2\/product\/1303","targetHints":{"allow":["GET"]}}],"collection":[{"href":"https:\/\/italyness.com\/fr\/wp-json\/wp\/v2\/product"}],"about":[{"href":"https:\/\/italyness.com\/fr\/wp-json\/wp\/v2\/types\/product"}],"wp:featuredmedia":[{"embeddable":true,"href":"https:\/\/italyness.com\/fr\/wp-json\/wp\/v2\/media\/2933"}],"wp:attachment":[{"href":"https:\/\/italyness.com\/fr\/wp-json\/wp\/v2\/media?parent=1303"}],"wp:term":[{"taxonomy":"product_brand","embeddable":true,"href":"https:\/\/italyness.com\/fr\/wp-json\/wp\/v2\/product_brand?post=1303"},{"taxonomy":"product_cat","embeddable":true,"href":"https:\/\/italyness.com\/fr\/wp-json\/wp\/v2\/product_cat?post=1303"},{"taxonomy":"product_tag","embeddable":true,"href":"https:\/\/italyness.com\/fr\/wp-json\/wp\/v2\/product_tag?post=1303"}],"curies":[{"name":"wp","href":"https:\/\/api.w.org\/{rel}","templated":true}]}}