{"id":1300,"date":"2025-03-29T12:12:48","date_gmt":"2025-03-29T11:12:48","guid":{"rendered":"https:\/\/italyness.com\/?post_type=product&#038;p=1300"},"modified":"2026-03-27T12:33:23","modified_gmt":"2026-03-27T11:33:23","slug":"confettura-di-mirtillo","status":"publish","type":"product","link":"https:\/\/italyness.com\/fr\/prodotti\/confetture-e-composte-artigianali\/confettura-di-mirtillo\/","title":{"rendered":"CONFITURE DE MYRTILLES"},"content":{"rendered":"<p>Confiture de myrtilles pr\u00e9par\u00e9e avec des fruits fra\u00eechement cueillis, du sucre et du jus de citron. Sa consistance est onctueuse et fluide, sa couleur est violette et sa saveur est sucr\u00e9e, typique des myrtilles.<\/p>\n<p class=\"p1\">","protected":false},"excerpt":{"rendered":"<p><strong>Selezionata perch\u00e9 <\/strong>la confiture de myrtilles contient des myrtilles fra\u00eeches cueillies \u00e0 maturit\u00e9 optimale, des ingr\u00e9dients naturels et aucun agent de conservation.<\/p>","protected":false},"featured_media":2939,"template":"","meta":[],"product_brand":[],"product_cat":[117],"product_tag":[],"class_list":{"0":"post-1300","1":"product","2":"type-product","3":"status-publish","4":"has-post-thumbnail","6":"product_cat-confetture-e-composte-artigianali","8":"first","9":"instock","10":"taxable","11":"shipping-taxable","12":"purchasable","13":"product-type-simple"},"supplier_id":null,"supplier_sku":"","barcode":null,"atum_controlled":true,"out_stock_date":null,"out_stock_threshold":null,"inheritable":false,"inbound_stock":0,"stock_on_hold":0,"sold_today":0,"sales_last_days":0,"reserved_stock":0,"customer_returns":0,"warehouse_damage":0,"lost_in_post":0,"other_logs":0,"out_stock_days":0,"lost_sales":0,"has_location":true,"update_date":"2026-04-15T01:34:19","atum_locations":[{"id":115,"name":"Italie","slug":"italia"}],"atum_stock_status":"instock","restock_status":false,"low_stock_amount":"","sales_update_date":"2026-04-15T01:34:19","calc_backorders":null,"_links":{"self":[{"href":"https:\/\/italyness.com\/fr\/wp-json\/wp\/v2\/product\/1300","targetHints":{"allow":["GET"]}}],"collection":[{"href":"https:\/\/italyness.com\/fr\/wp-json\/wp\/v2\/product"}],"about":[{"href":"https:\/\/italyness.com\/fr\/wp-json\/wp\/v2\/types\/product"}],"wp:featuredmedia":[{"embeddable":true,"href":"https:\/\/italyness.com\/fr\/wp-json\/wp\/v2\/media\/2939"}],"wp:attachment":[{"href":"https:\/\/italyness.com\/fr\/wp-json\/wp\/v2\/media?parent=1300"}],"wp:term":[{"taxonomy":"product_brand","embeddable":true,"href":"https:\/\/italyness.com\/fr\/wp-json\/wp\/v2\/product_brand?post=1300"},{"taxonomy":"product_cat","embeddable":true,"href":"https:\/\/italyness.com\/fr\/wp-json\/wp\/v2\/product_cat?post=1300"},{"taxonomy":"product_tag","embeddable":true,"href":"https:\/\/italyness.com\/fr\/wp-json\/wp\/v2\/product_tag?post=1300"}],"curies":[{"name":"wp","href":"https:\/\/api.w.org\/{rel}","templated":true}]}}