{"id":1282,"date":"2025-03-26T16:29:27","date_gmt":"2025-03-26T15:29:27","guid":{"rendered":"https:\/\/italyness.com\/?post_type=product&#038;p=1282"},"modified":"2026-03-30T12:08:00","modified_gmt":"2026-03-30T10:08:00","slug":"composta-di-cipolla-rossa","status":"publish","type":"product","link":"https:\/\/italyness.com\/fr\/prodotti\/confetture-e-composte-artigianali\/composta-di-cipolla-rossa\/","title":{"rendered":"COMPOTE D'OIGNONS ROUGES"},"content":{"rendered":"<p>Compote d'oignons rouges \u00e0 base d'oignons rouges de Plaisance, frais et fra\u00eechement r\u00e9colt\u00e9s, au go\u00fbt sucr\u00e9 incomparable et \u00e0 faible teneur en acidit\u00e9.<\/p>\n<p><strong>\u00a0<\/strong><\/p>","protected":false},"excerpt":{"rendered":"<p><strong>Selezionato perch\u00e9 <\/strong>\u00e8 a base di dolci e croccanti Cipolle Rosse coltivate e lavorate seguendo processi tradizionali che conservano le propriet\u00e0 organolettiche dell\u2019ortaggio appena raccolto.<\/p>\n<p>&nbsp;<\/p>","protected":false},"featured_media":2945,"template":"","meta":[],"product_brand":[],"product_cat":[117,118,119],"product_tag":[],"class_list":{"0":"post-1282","1":"product","2":"type-product","3":"status-publish","4":"has-post-thumbnail","6":"product_cat-confetture-e-composte-artigianali","7":"product_cat-contorni-da-vino","8":"product_cat-selezione-aperitivo-italiano","10":"first","11":"instock","12":"taxable","13":"shipping-taxable","14":"purchasable","15":"product-type-simple"},"supplier_id":null,"supplier_sku":"","barcode":null,"atum_controlled":true,"out_stock_date":null,"out_stock_threshold":null,"inheritable":false,"inbound_stock":0,"stock_on_hold":0,"sold_today":0,"sales_last_days":0,"reserved_stock":0,"customer_returns":0,"warehouse_damage":0,"lost_in_post":0,"other_logs":0,"out_stock_days":0,"lost_sales":0,"has_location":true,"update_date":"2026-04-17T01:36:59","atum_locations":[{"id":115,"name":"Italie","slug":"italia"}],"atum_stock_status":"instock","restock_status":false,"low_stock_amount":"","sales_update_date":"2026-04-17T01:36:59","calc_backorders":null,"_links":{"self":[{"href":"https:\/\/italyness.com\/fr\/wp-json\/wp\/v2\/product\/1282","targetHints":{"allow":["GET"]}}],"collection":[{"href":"https:\/\/italyness.com\/fr\/wp-json\/wp\/v2\/product"}],"about":[{"href":"https:\/\/italyness.com\/fr\/wp-json\/wp\/v2\/types\/product"}],"wp:featuredmedia":[{"embeddable":true,"href":"https:\/\/italyness.com\/fr\/wp-json\/wp\/v2\/media\/2945"}],"wp:attachment":[{"href":"https:\/\/italyness.com\/fr\/wp-json\/wp\/v2\/media?parent=1282"}],"wp:term":[{"taxonomy":"product_brand","embeddable":true,"href":"https:\/\/italyness.com\/fr\/wp-json\/wp\/v2\/product_brand?post=1282"},{"taxonomy":"product_cat","embeddable":true,"href":"https:\/\/italyness.com\/fr\/wp-json\/wp\/v2\/product_cat?post=1282"},{"taxonomy":"product_tag","embeddable":true,"href":"https:\/\/italyness.com\/fr\/wp-json\/wp\/v2\/product_tag?post=1282"}],"curies":[{"name":"wp","href":"https:\/\/api.w.org\/{rel}","templated":true}]}}