{"id":1275,"date":"2025-03-26T16:11:56","date_gmt":"2025-03-26T15:11:56","guid":{"rendered":"https:\/\/italyness.com\/?post_type=product&#038;p=1275"},"modified":"2026-03-27T12:38:22","modified_gmt":"2026-03-27T11:38:22","slug":"cipolle-borettane-in-agrodolce","status":"publish","type":"product","link":"https:\/\/italyness.com\/fr\/prodotti\/antipasti-italiani-sottolio\/cipolle-borettane-in-agrodolce\/","title":{"rendered":"OIGNONS BORETTANE AIGRE-DOUX"},"content":{"rendered":"<p>Oignons Borettane aigre-doux entiers dans un liquide de conservation compos\u00e9 d'huile de tournesol \u00e0 haute teneur en acide ol\u00e9ique, d'huile d'olive extra vierge, de vinaigre de vin, de sucre et de sel.<\/p>","protected":false},"excerpt":{"rendered":"<p><strong>Selezionato perch\u00e9 <\/strong>\u00e8 a base di dolci e croccanti Cipolle Borettane che conservano le propriet\u00e0 organolettiche dell\u2019ortaggio appena raccolto, sono povere di calorie e ricche di minerali e vitamine.<\/p>\n<p>&nbsp;<\/p>\n<p>&nbsp;<\/p>","protected":false},"featured_media":2947,"template":"","meta":[],"product_brand":[],"product_cat":[104,118,119],"product_tag":[],"class_list":{"0":"post-1275","1":"product","2":"type-product","3":"status-publish","4":"has-post-thumbnail","6":"product_cat-antipasti-italiani-sottolio","7":"product_cat-contorni-da-vino","8":"product_cat-selezione-aperitivo-italiano","10":"first","11":"instock","12":"taxable","13":"shipping-taxable","14":"purchasable","15":"product-type-simple"},"supplier_id":null,"supplier_sku":"","barcode":null,"atum_controlled":true,"out_stock_date":null,"out_stock_threshold":null,"inheritable":false,"inbound_stock":0,"stock_on_hold":0,"sold_today":0,"sales_last_days":0,"reserved_stock":0,"customer_returns":0,"warehouse_damage":0,"lost_in_post":0,"other_logs":0,"out_stock_days":0,"lost_sales":0,"has_location":true,"update_date":"2026-04-15T01:34:19","atum_locations":[{"id":115,"name":"Italie","slug":"italia"}],"atum_stock_status":"instock","restock_status":false,"low_stock_amount":"","sales_update_date":"2026-04-15T01:34:19","calc_backorders":null,"_links":{"self":[{"href":"https:\/\/italyness.com\/fr\/wp-json\/wp\/v2\/product\/1275","targetHints":{"allow":["GET"]}}],"collection":[{"href":"https:\/\/italyness.com\/fr\/wp-json\/wp\/v2\/product"}],"about":[{"href":"https:\/\/italyness.com\/fr\/wp-json\/wp\/v2\/types\/product"}],"wp:featuredmedia":[{"embeddable":true,"href":"https:\/\/italyness.com\/fr\/wp-json\/wp\/v2\/media\/2947"}],"wp:attachment":[{"href":"https:\/\/italyness.com\/fr\/wp-json\/wp\/v2\/media?parent=1275"}],"wp:term":[{"taxonomy":"product_brand","embeddable":true,"href":"https:\/\/italyness.com\/fr\/wp-json\/wp\/v2\/product_brand?post=1275"},{"taxonomy":"product_cat","embeddable":true,"href":"https:\/\/italyness.com\/fr\/wp-json\/wp\/v2\/product_cat?post=1275"},{"taxonomy":"product_tag","embeddable":true,"href":"https:\/\/italyness.com\/fr\/wp-json\/wp\/v2\/product_tag?post=1275"}],"curies":[{"name":"wp","href":"https:\/\/api.w.org\/{rel}","templated":true}]}}