{"id":1534,"date":"2025-05-19T11:39:55","date_gmt":"2025-05-19T09:39:55","guid":{"rendered":"https:\/\/italyness.com\/?post_type=product&#038;p=1534"},"modified":"2026-03-27T12:21:22","modified_gmt":"2026-03-27T11:21:22","slug":"pate-di-carciofi","status":"publish","type":"product","link":"https:\/\/italyness.com\/de\/prodotti\/pate-e-creme-gourmet\/pate-di-carciofi\/","title":{"rendered":"ARTISCHOCKEN-BROTAUFSTRICH"},"content":{"rendered":"<p>Il Pat\u00e8 di Carciofi \u00e8 una morbida e uniforme crema spalmabile dal gusto delicato e morbido, con un colore caratteristico chiaro, con carciofi teneri di stagione macinati finemente in olio extra vergine di oliva.<\/p>","protected":false},"excerpt":{"rendered":"<p><strong>Selezionato perch\u00e9 <\/strong>il pat\u00e8 \u00e8 a base di carciofi violetti, una variet\u00e0 particolarmente apprezzata per la tenerezza e per il gusto dolce e tenue, esaltato dall\u2019olio extra vergine di oliva.<\/p>\n<p>&nbsp;<\/p>","protected":false},"featured_media":2896,"template":"","meta":[],"product_brand":[],"product_cat":[102,104,119],"product_tag":[],"class_list":{"0":"post-1534","1":"product","2":"type-product","3":"status-publish","4":"has-post-thumbnail","6":"product_cat-pate-e-creme-gourmet","7":"product_cat-antipasti-italiani-sottolio","8":"product_cat-selezione-aperitivo-italiano","10":"first","11":"instock","12":"taxable","13":"shipping-taxable","14":"purchasable","15":"product-type-simple"},"supplier_id":null,"supplier_sku":"","barcode":null,"atum_controlled":true,"out_stock_date":null,"out_stock_threshold":null,"inheritable":false,"inbound_stock":0,"stock_on_hold":0,"sold_today":0,"sales_last_days":0,"reserved_stock":0,"customer_returns":0,"warehouse_damage":0,"lost_in_post":0,"other_logs":0,"out_stock_days":0,"lost_sales":0,"has_location":true,"update_date":"2026-04-20T01:41:42","atum_locations":[{"id":115,"name":"Italien","slug":"italia"}],"atum_stock_status":"instock","restock_status":false,"low_stock_amount":"","sales_update_date":"2026-04-20T01:41:42","calc_backorders":null,"_links":{"self":[{"href":"https:\/\/italyness.com\/de\/wp-json\/wp\/v2\/product\/1534","targetHints":{"allow":["GET"]}}],"collection":[{"href":"https:\/\/italyness.com\/de\/wp-json\/wp\/v2\/product"}],"about":[{"href":"https:\/\/italyness.com\/de\/wp-json\/wp\/v2\/types\/product"}],"wp:featuredmedia":[{"embeddable":true,"href":"https:\/\/italyness.com\/de\/wp-json\/wp\/v2\/media\/2896"}],"wp:attachment":[{"href":"https:\/\/italyness.com\/de\/wp-json\/wp\/v2\/media?parent=1534"}],"wp:term":[{"taxonomy":"product_brand","embeddable":true,"href":"https:\/\/italyness.com\/de\/wp-json\/wp\/v2\/product_brand?post=1534"},{"taxonomy":"product_cat","embeddable":true,"href":"https:\/\/italyness.com\/de\/wp-json\/wp\/v2\/product_cat?post=1534"},{"taxonomy":"product_tag","embeddable":true,"href":"https:\/\/italyness.com\/de\/wp-json\/wp\/v2\/product_tag?post=1534"}],"curies":[{"name":"wp","href":"https:\/\/api.w.org\/{rel}","templated":true}]}}