{"id":1528,"date":"2025-05-16T11:31:28","date_gmt":"2025-05-16T09:31:28","guid":{"rendered":"https:\/\/italyness.com\/?post_type=product&#038;p=1528"},"modified":"2026-03-27T12:21:48","modified_gmt":"2026-03-27T11:21:48","slug":"olive-leccine-in-salamoia","status":"publish","type":"product","link":"https:\/\/italyness.com\/de\/prodotti\/olive-italiane-gourmet\/olive-leccine-in-salamoia\/","title":{"rendered":"LECCINE-OLIVEN IN SALZLAKE"},"content":{"rendered":"<p>Leccino-Oliven in salzlake L\u00f6sung mit einem Salzgehalt von \u00fcber 5% sind verzehrfertig. Sie haben eine Farbe von dunkelgr\u00fcn bis violett, einen zarten fruchtigen Geschmack und weiches Fruchtfleisch.<\/p>","protected":false},"excerpt":{"rendered":"<p><strong>Selezionato perch\u00e9 <\/strong>die Leccine-Oliven reich an Polyphenolen sind und ein angenehmes Fruchtfleisch mit einem delikaten Geschmack und einer angenehmen w\u00fcrzigen Note haben.<\/p>","protected":false},"featured_media":2901,"template":"","meta":[],"product_brand":[],"product_cat":[105,119],"product_tag":[],"class_list":{"0":"post-1528","1":"product","2":"type-product","3":"status-publish","4":"has-post-thumbnail","6":"product_cat-olive-italiane-gourmet","7":"product_cat-selezione-aperitivo-italiano","9":"first","10":"instock","11":"taxable","12":"shipping-taxable","13":"purchasable","14":"product-type-simple"},"supplier_id":null,"supplier_sku":"","barcode":null,"atum_controlled":true,"out_stock_date":null,"out_stock_threshold":null,"inheritable":false,"inbound_stock":0,"stock_on_hold":0,"sold_today":0,"sales_last_days":0,"reserved_stock":0,"customer_returns":0,"warehouse_damage":0,"lost_in_post":0,"other_logs":0,"out_stock_days":0,"lost_sales":0,"has_location":true,"update_date":"2026-04-16T01:34:40","atum_locations":[{"id":115,"name":"Italien","slug":"italia"}],"atum_stock_status":"instock","restock_status":false,"low_stock_amount":"","sales_update_date":"2026-04-16T01:34:40","calc_backorders":null,"_links":{"self":[{"href":"https:\/\/italyness.com\/de\/wp-json\/wp\/v2\/product\/1528","targetHints":{"allow":["GET"]}}],"collection":[{"href":"https:\/\/italyness.com\/de\/wp-json\/wp\/v2\/product"}],"about":[{"href":"https:\/\/italyness.com\/de\/wp-json\/wp\/v2\/types\/product"}],"wp:featuredmedia":[{"embeddable":true,"href":"https:\/\/italyness.com\/de\/wp-json\/wp\/v2\/media\/2901"}],"wp:attachment":[{"href":"https:\/\/italyness.com\/de\/wp-json\/wp\/v2\/media?parent=1528"}],"wp:term":[{"taxonomy":"product_brand","embeddable":true,"href":"https:\/\/italyness.com\/de\/wp-json\/wp\/v2\/product_brand?post=1528"},{"taxonomy":"product_cat","embeddable":true,"href":"https:\/\/italyness.com\/de\/wp-json\/wp\/v2\/product_cat?post=1528"},{"taxonomy":"product_tag","embeddable":true,"href":"https:\/\/italyness.com\/de\/wp-json\/wp\/v2\/product_tag?post=1528"}],"curies":[{"name":"wp","href":"https:\/\/api.w.org\/{rel}","templated":true}]}}