{"id":1526,"date":"2025-05-16T11:24:17","date_gmt":"2025-05-16T09:24:17","guid":{"rendered":"https:\/\/italyness.com\/?post_type=product&#038;p=1526"},"modified":"2026-04-18T15:24:14","modified_gmt":"2026-04-18T13:24:14","slug":"celline-oliven-in-salzlake","status":"publish","type":"product","link":"https:\/\/italyness.com\/de\/prodotti\/olive-italiane-gourmet\/olive-celline-in-salamoia\/","title":{"rendered":"CELLINE-OLIVEN IN SALZLAKE"},"content":{"rendered":"<p>Oliven Celline in w\u00e4ssriger L\u00f6sung mit einem Salzgehalt von \u00fcber 5% und zum Verzehr bereit. Tiefschwarze Farbe, intensiver Geschmack mit einem leicht bitteren Nachgeschmack und einem w\u00fcrzigen Gef\u00fchl.<\/p>\n<p>&nbsp;<\/p>","protected":false},"excerpt":{"rendered":"<p><strong>Selezionato perch\u00e9 <\/strong>le olive della cultivar Cellina \u00e8 particolarmente ricca di polifenoli, eccezionali antiossidanti preservati grazie alla lavorazione tradizionale con acqua e sale.<\/p>\n<p>&nbsp;<\/p>","protected":false},"featured_media":2904,"template":"","meta":[],"product_brand":[],"product_cat":[105,119],"product_tag":[],"class_list":{"0":"post-1526","1":"product","2":"type-product","3":"status-publish","4":"has-post-thumbnail","6":"product_cat-olive-italiane-gourmet","7":"product_cat-selezione-aperitivo-italiano","9":"first","10":"instock","11":"taxable","12":"shipping-taxable","13":"purchasable","14":"product-type-simple"},"supplier_id":null,"supplier_sku":"","barcode":null,"atum_controlled":true,"out_stock_date":null,"out_stock_threshold":null,"inheritable":false,"inbound_stock":0,"stock_on_hold":2,"sold_today":0,"sales_last_days":2,"reserved_stock":0,"customer_returns":0,"warehouse_damage":0,"lost_in_post":0,"other_logs":0,"out_stock_days":0,"lost_sales":0,"has_location":true,"update_date":"2026-04-20T01:41:42","atum_locations":[{"id":115,"name":"Italien","slug":"italia"}],"atum_stock_status":"instock","restock_status":false,"low_stock_amount":"","sales_update_date":"2026-04-20T01:41:42","calc_backorders":null,"_links":{"self":[{"href":"https:\/\/italyness.com\/de\/wp-json\/wp\/v2\/product\/1526","targetHints":{"allow":["GET"]}}],"collection":[{"href":"https:\/\/italyness.com\/de\/wp-json\/wp\/v2\/product"}],"about":[{"href":"https:\/\/italyness.com\/de\/wp-json\/wp\/v2\/types\/product"}],"wp:featuredmedia":[{"embeddable":true,"href":"https:\/\/italyness.com\/de\/wp-json\/wp\/v2\/media\/2904"}],"wp:attachment":[{"href":"https:\/\/italyness.com\/de\/wp-json\/wp\/v2\/media?parent=1526"}],"wp:term":[{"taxonomy":"product_brand","embeddable":true,"href":"https:\/\/italyness.com\/de\/wp-json\/wp\/v2\/product_brand?post=1526"},{"taxonomy":"product_cat","embeddable":true,"href":"https:\/\/italyness.com\/de\/wp-json\/wp\/v2\/product_cat?post=1526"},{"taxonomy":"product_tag","embeddable":true,"href":"https:\/\/italyness.com\/de\/wp-json\/wp\/v2\/product_tag?post=1526"}],"curies":[{"name":"wp","href":"https:\/\/api.w.org\/{rel}","templated":true}]}}