{"id":1319,"date":"2025-03-30T11:41:01","date_gmt":"2025-03-30T09:41:01","guid":{"rendered":"https:\/\/italyness.com\/?post_type=product&#038;p=1319"},"modified":"2026-03-27T12:25:48","modified_gmt":"2026-03-27T11:25:48","slug":"finocchi-in-agrodolce","status":"publish","type":"product","link":"https:\/\/italyness.com\/de\/prodotti\/antipasti-italiani-sottolio\/finocchi-in-agrodolce\/","title":{"rendered":"FENCHEL S\u00dc\u00df-SAUER"},"content":{"rendered":"<p>Fenchelst\u00fccke in s\u00fc\u00df-saurer Konservierungsfl\u00fcssigkeit. S\u00fc\u00df-saurer Geruch und frischer Geschmack, typisch f\u00fcr Fenchel. Gl\u00e4nzende Farbe und kompakte, knackige Konsistenz.<\/p>","protected":false},"excerpt":{"rendered":"<p><strong>Selezionato perch\u00e9 <\/strong>i finocchi in agrodolce sono a base di croccanti finocchi che conservano le propriet\u00e0 organolettiche dell\u2019ortaggio appena raccolto.<\/p>","protected":false},"featured_media":2920,"template":"","meta":[],"product_brand":[],"product_cat":[104,118,119],"product_tag":[],"class_list":{"0":"post-1319","1":"product","2":"type-product","3":"status-publish","4":"has-post-thumbnail","6":"product_cat-antipasti-italiani-sottolio","7":"product_cat-contorni-da-vino","8":"product_cat-selezione-aperitivo-italiano","10":"first","11":"instock","12":"taxable","13":"shipping-taxable","14":"purchasable","15":"product-type-simple"},"supplier_id":null,"supplier_sku":"","barcode":null,"atum_controlled":true,"out_stock_date":null,"out_stock_threshold":null,"inheritable":false,"inbound_stock":0,"stock_on_hold":0,"sold_today":0,"sales_last_days":0,"reserved_stock":0,"customer_returns":0,"warehouse_damage":0,"lost_in_post":0,"other_logs":0,"out_stock_days":0,"lost_sales":0,"has_location":true,"update_date":"2026-04-09T01:24:42","atum_locations":[{"id":115,"name":"Italien","slug":"italia"}],"atum_stock_status":"instock","restock_status":false,"low_stock_amount":"","sales_update_date":"2026-04-09T01:24:42","calc_backorders":null,"_links":{"self":[{"href":"https:\/\/italyness.com\/de\/wp-json\/wp\/v2\/product\/1319","targetHints":{"allow":["GET"]}}],"collection":[{"href":"https:\/\/italyness.com\/de\/wp-json\/wp\/v2\/product"}],"about":[{"href":"https:\/\/italyness.com\/de\/wp-json\/wp\/v2\/types\/product"}],"wp:featuredmedia":[{"embeddable":true,"href":"https:\/\/italyness.com\/de\/wp-json\/wp\/v2\/media\/2920"}],"wp:attachment":[{"href":"https:\/\/italyness.com\/de\/wp-json\/wp\/v2\/media?parent=1319"}],"wp:term":[{"taxonomy":"product_brand","embeddable":true,"href":"https:\/\/italyness.com\/de\/wp-json\/wp\/v2\/product_brand?post=1319"},{"taxonomy":"product_cat","embeddable":true,"href":"https:\/\/italyness.com\/de\/wp-json\/wp\/v2\/product_cat?post=1319"},{"taxonomy":"product_tag","embeddable":true,"href":"https:\/\/italyness.com\/de\/wp-json\/wp\/v2\/product_tag?post=1319"}],"curies":[{"name":"wp","href":"https:\/\/api.w.org\/{rel}","templated":true}]}}