{"id":1317,"date":"2025-03-30T11:32:17","date_gmt":"2025-03-30T09:32:17","guid":{"rendered":"https:\/\/italyness.com\/?post_type=product&#038;p=1317"},"modified":"2026-04-18T15:24:14","modified_gmt":"2026-04-18T13:24:14","slug":"crema-di-zucchine","status":"publish","type":"product","link":"https:\/\/italyness.com\/de\/prodotti\/pate-e-creme-gourmet\/crema-di-zucchine\/","title":{"rendered":"ZUCCHINI-CREME"},"content":{"rendered":"<p>Die Zucchini-creme ist eine zarte, hellgr\u00fcne Mousse mit cremiger, streichf\u00e4higer Konsistenz und einem delikaten, durch Zitronensaft leicht s\u00e4uerlichen Geschmack.<\/p>","protected":false},"excerpt":{"rendered":"<p><strong>Selezionata perch\u00e9 <\/strong>la crema di zucchine contiene zucchine piacentine provenienti da agricoltura sostenibile, coltivate senza additivi e nel rispetto dell\u2019ambiente.<\/p>","protected":false},"featured_media":2921,"template":"","meta":[],"product_brand":[],"product_cat":[102,119],"product_tag":[],"class_list":{"0":"post-1317","1":"product","2":"type-product","3":"status-publish","4":"has-post-thumbnail","6":"product_cat-pate-e-creme-gourmet","7":"product_cat-selezione-aperitivo-italiano","9":"first","10":"instock","11":"taxable","12":"shipping-taxable","13":"purchasable","14":"product-type-simple"},"supplier_id":null,"supplier_sku":"","barcode":null,"atum_controlled":true,"out_stock_date":null,"out_stock_threshold":null,"inheritable":false,"inbound_stock":0,"stock_on_hold":0,"sold_today":0,"sales_last_days":1,"reserved_stock":0,"customer_returns":0,"warehouse_damage":0,"lost_in_post":0,"other_logs":0,"out_stock_days":0,"lost_sales":0,"has_location":true,"update_date":"2026-04-20T14:47:53","atum_locations":[{"id":115,"name":"Italien","slug":"italia"}],"atum_stock_status":"instock","restock_status":false,"low_stock_amount":"","sales_update_date":"2026-04-20T14:47:53","calc_backorders":null,"_links":{"self":[{"href":"https:\/\/italyness.com\/de\/wp-json\/wp\/v2\/product\/1317","targetHints":{"allow":["GET"]}}],"collection":[{"href":"https:\/\/italyness.com\/de\/wp-json\/wp\/v2\/product"}],"about":[{"href":"https:\/\/italyness.com\/de\/wp-json\/wp\/v2\/types\/product"}],"wp:featuredmedia":[{"embeddable":true,"href":"https:\/\/italyness.com\/de\/wp-json\/wp\/v2\/media\/2921"}],"wp:attachment":[{"href":"https:\/\/italyness.com\/de\/wp-json\/wp\/v2\/media?parent=1317"}],"wp:term":[{"taxonomy":"product_brand","embeddable":true,"href":"https:\/\/italyness.com\/de\/wp-json\/wp\/v2\/product_brand?post=1317"},{"taxonomy":"product_cat","embeddable":true,"href":"https:\/\/italyness.com\/de\/wp-json\/wp\/v2\/product_cat?post=1317"},{"taxonomy":"product_tag","embeddable":true,"href":"https:\/\/italyness.com\/de\/wp-json\/wp\/v2\/product_tag?post=1317"}],"curies":[{"name":"wp","href":"https:\/\/api.w.org\/{rel}","templated":true}]}}