{"id":1293,"date":"2025-03-28T12:36:29","date_gmt":"2025-03-28T11:36:29","guid":{"rendered":"https:\/\/italyness.com\/?post_type=product&#038;p=1293"},"modified":"2026-03-27T12:36:08","modified_gmt":"2026-03-27T11:36:08","slug":"confettura-di-albicocca","status":"publish","type":"product","link":"https:\/\/italyness.com\/de\/prodotti\/confetture-e-composte-artigianali\/confettura-di-albicocca\/","title":{"rendered":"APRIKOSENKONFIT\u00dcRE"},"content":{"rendered":"<p>Aprikosenkonfit\u00fcre mit frisch geernteten Aprikosen, Zucker und Zitronensaft.<\/p>","protected":false},"excerpt":{"rendered":"<p><strong>Selezionata perch\u00e9 <\/strong>Die Aprikosenkonfit\u00fcre enth\u00e4lt frische Aprikosen, die zum richtigen Reifezeitpunkt geerntet wurden, nat\u00fcrliche Zutaten und keine Konservierungsstoffe.<\/p>\n<p>&nbsp;<\/p>","protected":false},"featured_media":2943,"template":"","meta":[],"product_brand":[],"product_cat":[117],"product_tag":[],"class_list":{"0":"post-1293","1":"product","2":"type-product","3":"status-publish","4":"has-post-thumbnail","6":"product_cat-confetture-e-composte-artigianali","8":"first","9":"instock","10":"taxable","11":"shipping-taxable","12":"purchasable","13":"product-type-simple"},"supplier_id":null,"supplier_sku":"","barcode":null,"atum_controlled":true,"out_stock_date":null,"out_stock_threshold":null,"inheritable":false,"inbound_stock":0,"stock_on_hold":0,"sold_today":0,"sales_last_days":0,"reserved_stock":0,"customer_returns":0,"warehouse_damage":0,"lost_in_post":0,"other_logs":0,"out_stock_days":0,"lost_sales":0,"has_location":true,"update_date":"2026-04-20T01:41:42","atum_locations":[{"id":115,"name":"Italien","slug":"italia"}],"atum_stock_status":"instock","restock_status":false,"low_stock_amount":"","sales_update_date":"2026-04-20T01:41:42","calc_backorders":null,"_links":{"self":[{"href":"https:\/\/italyness.com\/de\/wp-json\/wp\/v2\/product\/1293","targetHints":{"allow":["GET"]}}],"collection":[{"href":"https:\/\/italyness.com\/de\/wp-json\/wp\/v2\/product"}],"about":[{"href":"https:\/\/italyness.com\/de\/wp-json\/wp\/v2\/types\/product"}],"wp:featuredmedia":[{"embeddable":true,"href":"https:\/\/italyness.com\/de\/wp-json\/wp\/v2\/media\/2943"}],"wp:attachment":[{"href":"https:\/\/italyness.com\/de\/wp-json\/wp\/v2\/media?parent=1293"}],"wp:term":[{"taxonomy":"product_brand","embeddable":true,"href":"https:\/\/italyness.com\/de\/wp-json\/wp\/v2\/product_brand?post=1293"},{"taxonomy":"product_cat","embeddable":true,"href":"https:\/\/italyness.com\/de\/wp-json\/wp\/v2\/product_cat?post=1293"},{"taxonomy":"product_tag","embeddable":true,"href":"https:\/\/italyness.com\/de\/wp-json\/wp\/v2\/product_tag?post=1293"}],"curies":[{"name":"wp","href":"https:\/\/api.w.org\/{rel}","templated":true}]}}