{"id":1278,"date":"2025-03-26T16:22:20","date_gmt":"2025-03-26T15:22:20","guid":{"rendered":"https:\/\/italyness.com\/?post_type=product&#038;p=1278"},"modified":"2026-03-27T12:37:36","modified_gmt":"2026-03-27T11:37:36","slug":"cipolle-borettane-in-agrodolce-allaceto-balsamico","status":"publish","type":"product","link":"https:\/\/italyness.com\/de\/prodotti\/antipasti-italiani-sottolio\/cipolle-borettane-in-agrodolce-allaceto-balsamico\/","title":{"rendered":"S\u00dcSS-SAURE BORETTAN-ZWIEBELN MIT BALSAMICO-ESSIG"},"content":{"rendered":"<p>Ganze Borettane-Zwiebeln, eingelegt in einer s\u00fcss-sauren Fl\u00fcssigkeit auf Basis von Sonnenblumen\u00f6l mit hohem \u00d6ls\u00e4uregehalt, nativem Oliven\u00f6l extra, Balsamico-Essig, Zucker und Salz.<\/p>","protected":false},"excerpt":{"rendered":"<p><strong>Selezionato perch\u00e9 <\/strong>\u00e8 a base di dolci e croccanti Cipolle Borettane in pregiato Aceto Balsamico; le cipolle conservano le propriet\u00e0 organolettiche dell\u2019ortaggio appena raccolto, sono povere di calorie e ricche di minerali e vitamine.<\/p>\n<p>&nbsp;<\/p>","protected":false},"featured_media":2946,"template":"","meta":[],"product_brand":[],"product_cat":[104,119],"product_tag":[],"class_list":{"0":"post-1278","1":"product","2":"type-product","3":"status-publish","4":"has-post-thumbnail","6":"product_cat-antipasti-italiani-sottolio","7":"product_cat-selezione-aperitivo-italiano","9":"first","10":"instock","11":"taxable","12":"shipping-taxable","13":"purchasable","14":"product-type-simple"},"supplier_id":null,"supplier_sku":"","barcode":null,"atum_controlled":true,"out_stock_date":null,"out_stock_threshold":null,"inheritable":false,"inbound_stock":0,"stock_on_hold":0,"sold_today":0,"sales_last_days":0,"reserved_stock":0,"customer_returns":0,"warehouse_damage":0,"lost_in_post":0,"other_logs":0,"out_stock_days":0,"lost_sales":0,"has_location":true,"update_date":"2026-04-15T01:34:19","atum_locations":[{"id":115,"name":"Italien","slug":"italia"}],"atum_stock_status":"instock","restock_status":false,"low_stock_amount":"","sales_update_date":"2026-04-15T01:34:19","calc_backorders":null,"_links":{"self":[{"href":"https:\/\/italyness.com\/de\/wp-json\/wp\/v2\/product\/1278","targetHints":{"allow":["GET"]}}],"collection":[{"href":"https:\/\/italyness.com\/de\/wp-json\/wp\/v2\/product"}],"about":[{"href":"https:\/\/italyness.com\/de\/wp-json\/wp\/v2\/types\/product"}],"wp:featuredmedia":[{"embeddable":true,"href":"https:\/\/italyness.com\/de\/wp-json\/wp\/v2\/media\/2946"}],"wp:attachment":[{"href":"https:\/\/italyness.com\/de\/wp-json\/wp\/v2\/media?parent=1278"}],"wp:term":[{"taxonomy":"product_brand","embeddable":true,"href":"https:\/\/italyness.com\/de\/wp-json\/wp\/v2\/product_brand?post=1278"},{"taxonomy":"product_cat","embeddable":true,"href":"https:\/\/italyness.com\/de\/wp-json\/wp\/v2\/product_cat?post=1278"},{"taxonomy":"product_tag","embeddable":true,"href":"https:\/\/italyness.com\/de\/wp-json\/wp\/v2\/product_tag?post=1278"}],"curies":[{"name":"wp","href":"https:\/\/api.w.org\/{rel}","templated":true}]}}